{"id":46925,"date":"2023-07-17T11:03:19","date_gmt":"2023-08-31T14:05:26","guid":{"rendered":"https:\/\/www.temaitaly.com\/prodotto\/107r7-2-treuil-de-deroulage-capacite-2x75-o-1x150-kn\/"},"modified":"2025-07-18T01:05:52","modified_gmt":"2025-07-18T01:05:52","slug":"107r7-2-treuil-de-deroulage-capacite-2x75-o-1x150-kn","status":"publish","type":"product","link":"https:\/\/www.temaitaly.com\/fr\/prodotto\/107r7-2-treuil-de-deroulage-capacite-2x75-o-1x150-kn\/","title":{"rendered":"107R7.2<br>TREUIL DE D\u00c9ROULAGE<br><span class='subtitle-product'>Capacit\u00e9 2&#215;75 o 1&#215;150 kN<\/span>"},"content":{"rendered":"","protected":false},"excerpt":{"rendered":"<p>Treuil hydraulique de capacit\u00e9 150 kN pour le tirage de 1 ou 2 c\u00e2blettes dans les op\u00e9rations de d\u00e9roulage de conducteurs a\u00e9riens, con\u00e7u pour \u00eatre utilis\u00e9 comme treuil avec tambours ind\u00e9pendants (75+75 kN) ainsi que de mani\u00e8re coupl\u00e9e (150 kN)<\/p>\n","protected":false},"featured_media":430997,"template":"","meta":[],"product_cat":[355],"product_tag":[],"aioseo_notices":[],"_links":{"self":[{"href":"https:\/\/www.temaitaly.com\/fr\/wp-json\/wp\/v2\/product\/46925"}],"collection":[{"href":"https:\/\/www.temaitaly.com\/fr\/wp-json\/wp\/v2\/product"}],"about":[{"href":"https:\/\/www.temaitaly.com\/fr\/wp-json\/wp\/v2\/types\/product"}],"wp:featuredmedia":[{"embeddable":true,"href":"https:\/\/www.temaitaly.com\/fr\/wp-json\/wp\/v2\/media\/430997"}],"wp:attachment":[{"href":"https:\/\/www.temaitaly.com\/fr\/wp-json\/wp\/v2\/media?parent=46925"}],"wp:term":[{"taxonomy":"product_cat","embeddable":true,"href":"https:\/\/www.temaitaly.com\/fr\/wp-json\/wp\/v2\/product_cat?post=46925"},{"taxonomy":"product_tag","embeddable":true,"href":"https:\/\/www.temaitaly.com\/fr\/wp-json\/wp\/v2\/product_tag?post=46925"}],"curies":[{"name":"wp","href":"https:\/\/api.w.org\/{rel}","templated":true}]}}