{"id":46959,"date":"2023-07-17T11:03:25","date_gmt":"2023-08-31T14:05:34","guid":{"rendered":"https:\/\/www.temaitaly.com\/prodotto\/107r18-treuil-de-deroulage-capacite-180-kn\/"},"modified":"2025-07-18T01:05:58","modified_gmt":"2025-07-18T01:05:58","slug":"107r18-treuil-de-deroulage-capacite-180-kn","status":"publish","type":"product","link":"https:\/\/www.temaitaly.com\/fr\/prodotto\/107r18-treuil-de-deroulage-capacite-180-kn\/","title":{"rendered":"107R18<br>TREUIL DE D\u00c9ROULAGE<br><span class='subtitle-product'>Capacit\u00e9 180 kN<\/span>"},"content":{"rendered":"","protected":false},"excerpt":{"rendered":"<p>Treuil hydraulique de capacit\u00e9 190 kN pour le tirage de 1 c\u00e2blette dans les op\u00e9rations de d\u00e9roulage de conducteurs a\u00e9riens.<\/p>\n","protected":false},"featured_media":431013,"template":"","meta":[],"product_cat":[355],"product_tag":[],"aioseo_notices":[],"_links":{"self":[{"href":"https:\/\/www.temaitaly.com\/fr\/wp-json\/wp\/v2\/product\/46959"}],"collection":[{"href":"https:\/\/www.temaitaly.com\/fr\/wp-json\/wp\/v2\/product"}],"about":[{"href":"https:\/\/www.temaitaly.com\/fr\/wp-json\/wp\/v2\/types\/product"}],"wp:featuredmedia":[{"embeddable":true,"href":"https:\/\/www.temaitaly.com\/fr\/wp-json\/wp\/v2\/media\/431013"}],"wp:attachment":[{"href":"https:\/\/www.temaitaly.com\/fr\/wp-json\/wp\/v2\/media?parent=46959"}],"wp:term":[{"taxonomy":"product_cat","embeddable":true,"href":"https:\/\/www.temaitaly.com\/fr\/wp-json\/wp\/v2\/product_cat?post=46959"},{"taxonomy":"product_tag","embeddable":true,"href":"https:\/\/www.temaitaly.com\/fr\/wp-json\/wp\/v2\/product_tag?post=46959"}],"curies":[{"name":"wp","href":"https:\/\/api.w.org\/{rel}","templated":true}]}}