{"id":46987,"date":"2023-07-17T11:03:30","date_gmt":"2023-08-31T14:05:41","guid":{"rendered":"https:\/\/www.temaitaly.com\/prodotto\/107r24-treuil-de-deroulage-capacite-240-kn\/"},"modified":"2025-07-18T01:06:08","modified_gmt":"2025-07-18T01:06:08","slug":"107r24-treuil-de-deroulage-capacite-240-kn","status":"publish","type":"product","link":"https:\/\/www.temaitaly.com\/fr\/prodotto\/107r24-treuil-de-deroulage-capacite-240-kn\/","title":{"rendered":"107R24<br>TREUIL DE D\u00c9ROULAGE<br><span class='subtitle-product'>Capacit\u00e9 240 kN<\/span>"},"content":{"rendered":"","protected":false},"excerpt":{"rendered":"<p>Treuil hydraulique de capacit\u00e9 240 kN pour le tirage de 1 c\u00e2blette dans les op\u00e9rations de d\u00e9roulage de conducteurs a\u00e9riens.<\/p>\n","protected":false},"featured_media":431021,"template":"","meta":[],"product_cat":[355],"product_tag":[],"aioseo_notices":[],"_links":{"self":[{"href":"https:\/\/www.temaitaly.com\/fr\/wp-json\/wp\/v2\/product\/46987"}],"collection":[{"href":"https:\/\/www.temaitaly.com\/fr\/wp-json\/wp\/v2\/product"}],"about":[{"href":"https:\/\/www.temaitaly.com\/fr\/wp-json\/wp\/v2\/types\/product"}],"wp:featuredmedia":[{"embeddable":true,"href":"https:\/\/www.temaitaly.com\/fr\/wp-json\/wp\/v2\/media\/431021"}],"wp:attachment":[{"href":"https:\/\/www.temaitaly.com\/fr\/wp-json\/wp\/v2\/media?parent=46987"}],"wp:term":[{"taxonomy":"product_cat","embeddable":true,"href":"https:\/\/www.temaitaly.com\/fr\/wp-json\/wp\/v2\/product_cat?post=46987"},{"taxonomy":"product_tag","embeddable":true,"href":"https:\/\/www.temaitaly.com\/fr\/wp-json\/wp\/v2\/product_tag?post=46987"}],"curies":[{"name":"wp","href":"https:\/\/api.w.org\/{rel}","templated":true}]}}