{"id":47012,"date":"2023-07-17T11:03:36","date_gmt":"2023-08-31T14:05:48","guid":{"rendered":"https:\/\/www.temaitaly.com\/prodotto\/p062-11-freineuse-capacite-25-kn\/"},"modified":"2025-07-18T01:06:14","modified_gmt":"2025-07-18T01:06:14","slug":"p062-11-freineuse-capacite-25-kn","status":"publish","type":"product","link":"https:\/\/www.temaitaly.com\/fr\/prodotto\/p062-11-freineuse-capacite-25-kn\/","title":{"rendered":"P062.11<br>FREINEUSE<br><span class='subtitle-product'>Capacit\u00e9 25 kN<\/span>"},"content":{"rendered":"","protected":false},"excerpt":{"rendered":"<p>Freineuse hydraulique sans moteur de capacit\u00e9 25 kN pour op\u00e9rations de d\u00e9roulage de 1 conducteur.<\/p>\n","protected":false},"featured_media":431029,"template":"","meta":[],"product_cat":[356],"product_tag":[],"aioseo_notices":[],"_links":{"self":[{"href":"https:\/\/www.temaitaly.com\/fr\/wp-json\/wp\/v2\/product\/47012"}],"collection":[{"href":"https:\/\/www.temaitaly.com\/fr\/wp-json\/wp\/v2\/product"}],"about":[{"href":"https:\/\/www.temaitaly.com\/fr\/wp-json\/wp\/v2\/types\/product"}],"wp:featuredmedia":[{"embeddable":true,"href":"https:\/\/www.temaitaly.com\/fr\/wp-json\/wp\/v2\/media\/431029"}],"wp:attachment":[{"href":"https:\/\/www.temaitaly.com\/fr\/wp-json\/wp\/v2\/media?parent=47012"}],"wp:term":[{"taxonomy":"product_cat","embeddable":true,"href":"https:\/\/www.temaitaly.com\/fr\/wp-json\/wp\/v2\/product_cat?post=47012"},{"taxonomy":"product_tag","embeddable":true,"href":"https:\/\/www.temaitaly.com\/fr\/wp-json\/wp\/v2\/product_tag?post=47012"}],"curies":[{"name":"wp","href":"https:\/\/api.w.org\/{rel}","templated":true}]}}