{"id":47040,"date":"2023-07-17T11:03:40","date_gmt":"2023-08-31T14:05:54","guid":{"rendered":"https:\/\/www.temaitaly.com\/prodotto\/p152-11-freineuse-capacite-25-kn\/"},"modified":"2025-07-18T01:06:20","modified_gmt":"2025-07-18T01:06:20","slug":"p152-11-freineuse-capacite-25-kn","status":"publish","type":"product","link":"https:\/\/www.temaitaly.com\/fr\/prodotto\/p152-11-freineuse-capacite-25-kn\/","title":{"rendered":"P152.11<br>FREINEUSE<br><span class='subtitle-product'>Capacit\u00e9 25 kN<\/span>"},"content":{"rendered":"","protected":false},"excerpt":{"rendered":"<p>Freineuse hydraulique sans moteur de capacit\u00e9 25 kN pour op\u00e9rations de d\u00e9roulage de 1 conducteur ou OPGW.<\/p>\n","protected":false},"featured_media":431037,"template":"","meta":[],"product_cat":[356],"product_tag":[],"aioseo_notices":[],"_links":{"self":[{"href":"https:\/\/www.temaitaly.com\/fr\/wp-json\/wp\/v2\/product\/47040"}],"collection":[{"href":"https:\/\/www.temaitaly.com\/fr\/wp-json\/wp\/v2\/product"}],"about":[{"href":"https:\/\/www.temaitaly.com\/fr\/wp-json\/wp\/v2\/types\/product"}],"wp:featuredmedia":[{"embeddable":true,"href":"https:\/\/www.temaitaly.com\/fr\/wp-json\/wp\/v2\/media\/431037"}],"wp:attachment":[{"href":"https:\/\/www.temaitaly.com\/fr\/wp-json\/wp\/v2\/media?parent=47040"}],"wp:term":[{"taxonomy":"product_cat","embeddable":true,"href":"https:\/\/www.temaitaly.com\/fr\/wp-json\/wp\/v2\/product_cat?post=47040"},{"taxonomy":"product_tag","embeddable":true,"href":"https:\/\/www.temaitaly.com\/fr\/wp-json\/wp\/v2\/product_tag?post=47040"}],"curies":[{"name":"wp","href":"https:\/\/api.w.org\/{rel}","templated":true}]}}