{"id":47142,"date":"2023-07-17T11:04:00","date_gmt":"2023-08-31T14:06:22","guid":{"rendered":"https:\/\/www.temaitaly.com\/prodotto\/fad155-11-freineuse-digitale-capacite-50-kn\/"},"modified":"2025-07-18T01:07:03","modified_gmt":"2025-07-18T01:07:03","slug":"fad155-11-freineuse-digitale-capacite-50-kn","status":"publish","type":"product","link":"https:\/\/www.temaitaly.com\/fr\/prodotto\/fad155-11-freineuse-digitale-capacite-50-kn\/","title":{"rendered":"FAD155.11<br>FREINEUSE DIGITALE<br><span class='subtitle-product'>Capacit\u00e9 50 kN<\/span>"},"content":{"rendered":"","protected":false},"excerpt":{"rendered":"<p>Freineuse-Treuil hydraulique digital de capacit\u00e9 50 kN pour op\u00e9rations de d\u00e9roulage de 1 conducteur ou OPGW.<\/p>\n","protected":false},"featured_media":431081,"template":"","meta":[],"product_cat":[356],"product_tag":[],"aioseo_notices":[],"_links":{"self":[{"href":"https:\/\/www.temaitaly.com\/fr\/wp-json\/wp\/v2\/product\/47142"}],"collection":[{"href":"https:\/\/www.temaitaly.com\/fr\/wp-json\/wp\/v2\/product"}],"about":[{"href":"https:\/\/www.temaitaly.com\/fr\/wp-json\/wp\/v2\/types\/product"}],"wp:featuredmedia":[{"embeddable":true,"href":"https:\/\/www.temaitaly.com\/fr\/wp-json\/wp\/v2\/media\/431081"}],"wp:attachment":[{"href":"https:\/\/www.temaitaly.com\/fr\/wp-json\/wp\/v2\/media?parent=47142"}],"wp:term":[{"taxonomy":"product_cat","embeddable":true,"href":"https:\/\/www.temaitaly.com\/fr\/wp-json\/wp\/v2\/product_cat?post=47142"},{"taxonomy":"product_tag","embeddable":true,"href":"https:\/\/www.temaitaly.com\/fr\/wp-json\/wp\/v2\/product_tag?post=47142"}],"curies":[{"name":"wp","href":"https:\/\/api.w.org\/{rel}","templated":true}]}}