{"id":47218,"date":"2023-07-17T11:04:18","date_gmt":"2023-08-31T14:06:47","guid":{"rendered":"https:\/\/www.temaitaly.com\/prodotto\/fad1510-12-freineuse-digitale-capacite-100-kn\/"},"modified":"2025-07-18T01:07:32","modified_gmt":"2025-07-18T01:07:32","slug":"fad1510-12-freineuse-digitale-capacite-100-kn","status":"publish","type":"product","link":"https:\/\/www.temaitaly.com\/fr\/prodotto\/fad1510-12-freineuse-digitale-capacite-100-kn\/","title":{"rendered":"FAD1510.12<br>FREINEUSE DIGITALE<br><span class='subtitle-product'>Capacit\u00e9 100 kN<\/span>"},"content":{"rendered":"","protected":false},"excerpt":{"rendered":"<p>Freineuse-Treuil hydraulique digital de capacit\u00e9 100 kN pour op\u00e9rations de d\u00e9roulage de 1 ou 2 conducteurs ou OPGW.<\/p>\n","protected":false},"featured_media":431105,"template":"","meta":[],"product_cat":[356],"product_tag":[],"aioseo_notices":[],"_links":{"self":[{"href":"https:\/\/www.temaitaly.com\/fr\/wp-json\/wp\/v2\/product\/47218"}],"collection":[{"href":"https:\/\/www.temaitaly.com\/fr\/wp-json\/wp\/v2\/product"}],"about":[{"href":"https:\/\/www.temaitaly.com\/fr\/wp-json\/wp\/v2\/types\/product"}],"wp:featuredmedia":[{"embeddable":true,"href":"https:\/\/www.temaitaly.com\/fr\/wp-json\/wp\/v2\/media\/431105"}],"wp:attachment":[{"href":"https:\/\/www.temaitaly.com\/fr\/wp-json\/wp\/v2\/media?parent=47218"}],"wp:term":[{"taxonomy":"product_cat","embeddable":true,"href":"https:\/\/www.temaitaly.com\/fr\/wp-json\/wp\/v2\/product_cat?post=47218"},{"taxonomy":"product_tag","embeddable":true,"href":"https:\/\/www.temaitaly.com\/fr\/wp-json\/wp\/v2\/product_tag?post=47218"}],"curies":[{"name":"wp","href":"https:\/\/api.w.org\/{rel}","templated":true}]}}