{"id":47258,"date":"2023-07-17T11:04:31","date_gmt":"2023-08-31T14:07:06","guid":{"rendered":"https:\/\/www.temaitaly.com\/prodotto\/fa155-22-freineuse-capacite-2x50-o-1x100-kn\/"},"modified":"2025-07-18T01:07:42","modified_gmt":"2025-07-18T01:07:42","slug":"fa155-22-freineuse-capacite-2x50-o-1x100-kn","status":"publish","type":"product","link":"https:\/\/www.temaitaly.com\/fr\/prodotto\/fa155-22-freineuse-capacite-2x50-o-1x100-kn\/","title":{"rendered":"FA155.22<br>FREINEUSE<br><span class='subtitle-product'>Capacit\u00e9 2&#215;50 o 1&#215;100 kN<\/span>"},"content":{"rendered":"","protected":false},"excerpt":{"rendered":"<p>Freineuse-Treuil hydraulique avec 2 circuits ind\u00e9pendants, de capacit\u00e9 2&#215;50 kN ou 1&#215;100 kN pour op\u00e9rations de d\u00e9roulage de 1 ou 2 conducteurs ou OPGW.<\/p>\n","protected":false},"featured_media":431121,"template":"","meta":[],"product_cat":[356],"product_tag":[],"aioseo_notices":[],"_links":{"self":[{"href":"https:\/\/www.temaitaly.com\/fr\/wp-json\/wp\/v2\/product\/47258"}],"collection":[{"href":"https:\/\/www.temaitaly.com\/fr\/wp-json\/wp\/v2\/product"}],"about":[{"href":"https:\/\/www.temaitaly.com\/fr\/wp-json\/wp\/v2\/types\/product"}],"wp:featuredmedia":[{"embeddable":true,"href":"https:\/\/www.temaitaly.com\/fr\/wp-json\/wp\/v2\/media\/431121"}],"wp:attachment":[{"href":"https:\/\/www.temaitaly.com\/fr\/wp-json\/wp\/v2\/media?parent=47258"}],"wp:term":[{"taxonomy":"product_cat","embeddable":true,"href":"https:\/\/www.temaitaly.com\/fr\/wp-json\/wp\/v2\/product_cat?post=47258"},{"taxonomy":"product_tag","embeddable":true,"href":"https:\/\/www.temaitaly.com\/fr\/wp-json\/wp\/v2\/product_tag?post=47258"}],"curies":[{"name":"wp","href":"https:\/\/api.w.org\/{rel}","templated":true}]}}