{"id":47319,"date":"2023-07-17T11:04:40","date_gmt":"2023-08-31T14:07:24","guid":{"rendered":"https:\/\/www.temaitaly.com\/prodotto\/fad1514-14-freineuse-digitale-capacite-140-kn\/"},"modified":"2025-07-18T01:08:09","modified_gmt":"2025-07-18T01:08:09","slug":"fad1514-14-freineuse-digitale-capacite-140-kn","status":"publish","type":"product","link":"https:\/\/www.temaitaly.com\/fr\/prodotto\/fad1514-14-freineuse-digitale-capacite-140-kn\/","title":{"rendered":"FAD1514.14<br>FREINEUSE DIGITALE<br><span class='subtitle-product'>Capacit\u00e9 140 kN<\/span>"},"content":{"rendered":"","protected":false},"excerpt":{"rendered":"<p>Freineuse-Treuil hydraulique digital de capacit\u00e9 140 kN pour op\u00e9rations de d\u00e9roulage de 1, 2, 3 ou 4 conducteurs.<\/p>\n","protected":false},"featured_media":431141,"template":"","meta":[],"product_cat":[356],"product_tag":[],"aioseo_notices":[],"_links":{"self":[{"href":"https:\/\/www.temaitaly.com\/fr\/wp-json\/wp\/v2\/product\/47319"}],"collection":[{"href":"https:\/\/www.temaitaly.com\/fr\/wp-json\/wp\/v2\/product"}],"about":[{"href":"https:\/\/www.temaitaly.com\/fr\/wp-json\/wp\/v2\/types\/product"}],"wp:featuredmedia":[{"embeddable":true,"href":"https:\/\/www.temaitaly.com\/fr\/wp-json\/wp\/v2\/media\/431141"}],"wp:attachment":[{"href":"https:\/\/www.temaitaly.com\/fr\/wp-json\/wp\/v2\/media?parent=47319"}],"wp:term":[{"taxonomy":"product_cat","embeddable":true,"href":"https:\/\/www.temaitaly.com\/fr\/wp-json\/wp\/v2\/product_cat?post=47319"},{"taxonomy":"product_tag","embeddable":true,"href":"https:\/\/www.temaitaly.com\/fr\/wp-json\/wp\/v2\/product_tag?post=47319"}],"curies":[{"name":"wp","href":"https:\/\/api.w.org\/{rel}","templated":true}]}}