{"id":47370,"date":"2023-07-17T11:04:51","date_gmt":"2023-08-31T14:07:38","guid":{"rendered":"https:\/\/www.temaitaly.com\/prodotto\/fa1518-14-freineuse-capacite-180-kn\/"},"modified":"2025-07-18T01:08:16","modified_gmt":"2025-07-18T01:08:16","slug":"fa1518-14-freineuse-capacite-180-kn","status":"publish","type":"product","link":"https:\/\/www.temaitaly.com\/fr\/prodotto\/fa1518-14-freineuse-capacite-180-kn\/","title":{"rendered":"FA1518.14<br>FREINEUSE<br><span class='subtitle-product'>Capacit\u00e9 180 kN<\/span>"},"content":{"rendered":"","protected":false},"excerpt":{"rendered":"<p>Freineuse-Treuil hydraulique de capacit\u00e9 180 kN pour op\u00e9rations de d\u00e9roulage de 1, 2, 3 ou 4 conducteurs.<\/p>\n","protected":false},"featured_media":431157,"template":"","meta":[],"product_cat":[356],"product_tag":[],"aioseo_notices":[],"_links":{"self":[{"href":"https:\/\/www.temaitaly.com\/fr\/wp-json\/wp\/v2\/product\/47370"}],"collection":[{"href":"https:\/\/www.temaitaly.com\/fr\/wp-json\/wp\/v2\/product"}],"about":[{"href":"https:\/\/www.temaitaly.com\/fr\/wp-json\/wp\/v2\/types\/product"}],"wp:featuredmedia":[{"embeddable":true,"href":"https:\/\/www.temaitaly.com\/fr\/wp-json\/wp\/v2\/media\/431157"}],"wp:attachment":[{"href":"https:\/\/www.temaitaly.com\/fr\/wp-json\/wp\/v2\/media?parent=47370"}],"wp:term":[{"taxonomy":"product_cat","embeddable":true,"href":"https:\/\/www.temaitaly.com\/fr\/wp-json\/wp\/v2\/product_cat?post=47370"},{"taxonomy":"product_tag","embeddable":true,"href":"https:\/\/www.temaitaly.com\/fr\/wp-json\/wp\/v2\/product_tag?post=47370"}],"curies":[{"name":"wp","href":"https:\/\/api.w.org\/{rel}","templated":true}]}}