{"id":47394,"date":"2023-07-17T11:04:56","date_gmt":"2023-08-31T14:07:45","guid":{"rendered":"https:\/\/www.temaitaly.com\/prodotto\/fa159-24-freineuse-capacite-2x90-kn\/"},"modified":"2025-07-18T01:08:21","modified_gmt":"2025-07-18T01:08:21","slug":"fa159-24-freineuse-capacite-2x90-kn","status":"publish","type":"product","link":"https:\/\/www.temaitaly.com\/fr\/prodotto\/fa159-24-freineuse-capacite-2x90-kn\/","title":{"rendered":"FA159.24<br>FREINEUSE<br><span class='subtitle-product'>Capacit\u00e9 2&#215;90 kN<\/span>"},"content":{"rendered":"","protected":false},"excerpt":{"rendered":"<p>Freineuse-Treuil hydraulique avec 2 circuits ind\u00e9pendants, de capacit\u00e9 2&#215;90 kN pour op\u00e9rations de d\u00e9roulage de 1, 2, 3  ou 4 conducteurs.<\/p>\n","protected":false},"featured_media":431165,"template":"","meta":[],"product_cat":[356],"product_tag":[],"aioseo_notices":[],"_links":{"self":[{"href":"https:\/\/www.temaitaly.com\/fr\/wp-json\/wp\/v2\/product\/47394"}],"collection":[{"href":"https:\/\/www.temaitaly.com\/fr\/wp-json\/wp\/v2\/product"}],"about":[{"href":"https:\/\/www.temaitaly.com\/fr\/wp-json\/wp\/v2\/types\/product"}],"wp:featuredmedia":[{"embeddable":true,"href":"https:\/\/www.temaitaly.com\/fr\/wp-json\/wp\/v2\/media\/431165"}],"wp:attachment":[{"href":"https:\/\/www.temaitaly.com\/fr\/wp-json\/wp\/v2\/media?parent=47394"}],"wp:term":[{"taxonomy":"product_cat","embeddable":true,"href":"https:\/\/www.temaitaly.com\/fr\/wp-json\/wp\/v2\/product_cat?post=47394"},{"taxonomy":"product_tag","embeddable":true,"href":"https:\/\/www.temaitaly.com\/fr\/wp-json\/wp\/v2\/product_tag?post=47394"}],"curies":[{"name":"wp","href":"https:\/\/api.w.org\/{rel}","templated":true}]}}