{"id":47534,"date":"2023-07-17T11:05:21","date_gmt":"2023-08-31T14:08:29","guid":{"rendered":"https:\/\/www.temaitaly.com\/prodotto\/afd155-11-treuil-freineuse-digitale-capacite-50-kn\/"},"modified":"2025-07-18T01:09:07","modified_gmt":"2025-07-18T01:09:07","slug":"afd155-11-treuil-freineuse-digitale-capacite-50-kn","status":"publish","type":"product","link":"https:\/\/www.temaitaly.com\/fr\/prodotto\/afd155-11-treuil-freineuse-digitale-capacite-50-kn\/","title":{"rendered":"AFD155.11<br>TREUIL-FREINEUSE DIGITALE<br><span class='subtitle-product'>Capacit\u00e9 50 kN<\/span>"},"content":{"rendered":"","protected":false},"excerpt":{"rendered":"<p>Treuil-Freineuse hydraulique digitale de capacit\u00e9 50 kN pour op\u00e9rations de d\u00e9roulage de 1 conducteur ou OPGW.<\/p>\n","protected":false},"featured_media":287600,"template":"","meta":[],"product_cat":[357],"product_tag":[],"aioseo_notices":[],"_links":{"self":[{"href":"https:\/\/www.temaitaly.com\/fr\/wp-json\/wp\/v2\/product\/47534"}],"collection":[{"href":"https:\/\/www.temaitaly.com\/fr\/wp-json\/wp\/v2\/product"}],"about":[{"href":"https:\/\/www.temaitaly.com\/fr\/wp-json\/wp\/v2\/types\/product"}],"wp:featuredmedia":[{"embeddable":true,"href":"https:\/\/www.temaitaly.com\/fr\/wp-json\/wp\/v2\/media\/287600"}],"wp:attachment":[{"href":"https:\/\/www.temaitaly.com\/fr\/wp-json\/wp\/v2\/media?parent=47534"}],"wp:term":[{"taxonomy":"product_cat","embeddable":true,"href":"https:\/\/www.temaitaly.com\/fr\/wp-json\/wp\/v2\/product_cat?post=47534"},{"taxonomy":"product_tag","embeddable":true,"href":"https:\/\/www.temaitaly.com\/fr\/wp-json\/wp\/v2\/product_tag?post=47534"}],"curies":[{"name":"wp","href":"https:\/\/api.w.org\/{rel}","templated":true}]}}