{"id":47582,"date":"2023-07-17T11:05:33","date_gmt":"2023-08-31T14:08:45","guid":{"rendered":"https:\/\/www.temaitaly.com\/prodotto\/afd086-12-treuil-freineuse-digitale-avec-mouvement-autonome-capacite-70-kn-2\/"},"modified":"2025-11-25T10:37:37","modified_gmt":"2025-11-25T10:37:37","slug":"afd086-12-treuil-freineuse-digitale-avec-mouvement-autonome-capacite-70-kn-2","status":"publish","type":"product","link":"https:\/\/www.temaitaly.com\/fr\/prodotto\/afd086-12-treuil-freineuse-digitale-avec-mouvement-autonome-capacite-70-kn-2\/","title":{"rendered":"AFD086.12<br>TREUIL-FREINEUSE DIGITALE AVEC MOUVEMENT AUTONOME<br><span class='subtitle-product'>Capacit\u00e9 70 kN<\/span>"},"content":{"rendered":"","protected":false},"excerpt":{"rendered":"<p>Treuil-Freineuse hydraulique digitale de capacit\u00e9 70 kN avec mouvement autonome sur chenilles, pour op\u00e9rations de d\u00e9roulage de 1 ou 2 conducteurs.<\/p>\n","protected":false},"featured_media":430777,"template":"","meta":[],"product_cat":[357,215],"product_tag":[],"aioseo_notices":[],"_links":{"self":[{"href":"https:\/\/www.temaitaly.com\/fr\/wp-json\/wp\/v2\/product\/47582"}],"collection":[{"href":"https:\/\/www.temaitaly.com\/fr\/wp-json\/wp\/v2\/product"}],"about":[{"href":"https:\/\/www.temaitaly.com\/fr\/wp-json\/wp\/v2\/types\/product"}],"wp:featuredmedia":[{"embeddable":true,"href":"https:\/\/www.temaitaly.com\/fr\/wp-json\/wp\/v2\/media\/430777"}],"wp:attachment":[{"href":"https:\/\/www.temaitaly.com\/fr\/wp-json\/wp\/v2\/media?parent=47582"}],"wp:term":[{"taxonomy":"product_cat","embeddable":true,"href":"https:\/\/www.temaitaly.com\/fr\/wp-json\/wp\/v2\/product_cat?post=47582"},{"taxonomy":"product_tag","embeddable":true,"href":"https:\/\/www.temaitaly.com\/fr\/wp-json\/wp\/v2\/product_tag?post=47582"}],"curies":[{"name":"wp","href":"https:\/\/api.w.org\/{rel}","templated":true}]}}