{"id":47720,"date":"2023-07-17T11:05:44","date_gmt":"2023-08-31T14:09:11","guid":{"rendered":"https:\/\/www.temaitaly.com\/prodotto\/af158-12-treuil-freineuse-capacite-90-kn\/"},"modified":"2025-07-18T01:10:49","modified_gmt":"2025-07-18T01:10:49","slug":"af158-12-treuil-freineuse-capacite-90-kn","status":"publish","type":"product","link":"https:\/\/www.temaitaly.com\/fr\/prodotto\/af158-12-treuil-freineuse-capacite-90-kn\/","title":{"rendered":"AF158.12<br>TREUIL-FREINEUSE<br><span class='subtitle-product'>Capacit\u00e9 90 kN<\/span>"},"content":{"rendered":"","protected":false},"excerpt":{"rendered":"<p>Treuil-Freineuse hydraulique de capacit\u00e9 90 kN pour op\u00e9rations de d\u00e9roulage de 1 ou 2 conducteurs ou OPGW.<\/p>\n","protected":false},"featured_media":287652,"template":"","meta":[],"product_cat":[357],"product_tag":[],"aioseo_notices":[],"_links":{"self":[{"href":"https:\/\/www.temaitaly.com\/fr\/wp-json\/wp\/v2\/product\/47720"}],"collection":[{"href":"https:\/\/www.temaitaly.com\/fr\/wp-json\/wp\/v2\/product"}],"about":[{"href":"https:\/\/www.temaitaly.com\/fr\/wp-json\/wp\/v2\/types\/product"}],"wp:featuredmedia":[{"embeddable":true,"href":"https:\/\/www.temaitaly.com\/fr\/wp-json\/wp\/v2\/media\/287652"}],"wp:attachment":[{"href":"https:\/\/www.temaitaly.com\/fr\/wp-json\/wp\/v2\/media?parent=47720"}],"wp:term":[{"taxonomy":"product_cat","embeddable":true,"href":"https:\/\/www.temaitaly.com\/fr\/wp-json\/wp\/v2\/product_cat?post=47720"},{"taxonomy":"product_tag","embeddable":true,"href":"https:\/\/www.temaitaly.com\/fr\/wp-json\/wp\/v2\/product_tag?post=47720"}],"curies":[{"name":"wp","href":"https:\/\/api.w.org\/{rel}","templated":true}]}}