{"id":47860,"date":"2023-07-17T11:05:53","date_gmt":"2023-08-31T14:09:27","guid":{"rendered":"https:\/\/www.temaitaly.com\/prodotto\/afd1510-12-treuil-freineuse-digitale-capacite-100-kn\/"},"modified":"2025-07-18T01:11:10","modified_gmt":"2025-07-18T01:11:10","slug":"afd1510-12-treuil-freineuse-digitale-capacite-100-kn","status":"publish","type":"product","link":"https:\/\/www.temaitaly.com\/fr\/prodotto\/afd1510-12-treuil-freineuse-digitale-capacite-100-kn\/","title":{"rendered":"AFD1510.12<br>TREUIL-FREINEUSE DIGITALE<br><span class='subtitle-product'>Capacit\u00e9 100 kN<\/span>"},"content":{"rendered":"","protected":false},"excerpt":{"rendered":"<p>Treuil-Freineuse hydraulique digitale de capacit\u00e9 100 kN pour op\u00e9rations de d\u00e9roulage de 1 ou 2 conducteurs ou OPGW.<\/p>\n","protected":false},"featured_media":340233,"template":"","meta":[],"product_cat":[357],"product_tag":[],"aioseo_notices":[],"_links":{"self":[{"href":"https:\/\/www.temaitaly.com\/fr\/wp-json\/wp\/v2\/product\/47860"}],"collection":[{"href":"https:\/\/www.temaitaly.com\/fr\/wp-json\/wp\/v2\/product"}],"about":[{"href":"https:\/\/www.temaitaly.com\/fr\/wp-json\/wp\/v2\/types\/product"}],"wp:featuredmedia":[{"embeddable":true,"href":"https:\/\/www.temaitaly.com\/fr\/wp-json\/wp\/v2\/media\/340233"}],"wp:attachment":[{"href":"https:\/\/www.temaitaly.com\/fr\/wp-json\/wp\/v2\/media?parent=47860"}],"wp:term":[{"taxonomy":"product_cat","embeddable":true,"href":"https:\/\/www.temaitaly.com\/fr\/wp-json\/wp\/v2\/product_cat?post=47860"},{"taxonomy":"product_tag","embeddable":true,"href":"https:\/\/www.temaitaly.com\/fr\/wp-json\/wp\/v2\/product_tag?post=47860"}],"curies":[{"name":"wp","href":"https:\/\/api.w.org\/{rel}","templated":true}]}}