{"id":47906,"date":"2023-07-17T11:06:05","date_gmt":"2023-08-31T14:09:42","guid":{"rendered":"https:\/\/www.temaitaly.com\/prodotto\/af155-22-treuil-freineuse-capacite-2x50-o-1x100-kn\/"},"modified":"2025-07-18T01:11:21","modified_gmt":"2025-07-18T01:11:21","slug":"af155-22-treuil-freineuse-capacite-2x50-o-1x100-kn","status":"publish","type":"product","link":"https:\/\/www.temaitaly.com\/fr\/prodotto\/af155-22-treuil-freineuse-capacite-2x50-o-1x100-kn\/","title":{"rendered":"AF155.22<br>TREUIL-FREINEUSE<br><span class='subtitle-product'>Capacit\u00e9 2&#215;50 o 1&#215;100 kN<\/span>"},"content":{"rendered":"","protected":false},"excerpt":{"rendered":"<p>Treuil-Freineuse hydraulique avec 2 circuits ind\u00e9pendants, de capacit\u00e9 2&#215;50 kN ou 1&#215;100 kN pour op\u00e9rations de d\u00e9roulage de 1 ou 2 conducteurs ou OPGW.<\/p>\n","protected":false},"featured_media":287696,"template":"","meta":[],"product_cat":[357],"product_tag":[],"aioseo_notices":[],"_links":{"self":[{"href":"https:\/\/www.temaitaly.com\/fr\/wp-json\/wp\/v2\/product\/47906"}],"collection":[{"href":"https:\/\/www.temaitaly.com\/fr\/wp-json\/wp\/v2\/product"}],"about":[{"href":"https:\/\/www.temaitaly.com\/fr\/wp-json\/wp\/v2\/types\/product"}],"wp:featuredmedia":[{"embeddable":true,"href":"https:\/\/www.temaitaly.com\/fr\/wp-json\/wp\/v2\/media\/287696"}],"wp:attachment":[{"href":"https:\/\/www.temaitaly.com\/fr\/wp-json\/wp\/v2\/media?parent=47906"}],"wp:term":[{"taxonomy":"product_cat","embeddable":true,"href":"https:\/\/www.temaitaly.com\/fr\/wp-json\/wp\/v2\/product_cat?post=47906"},{"taxonomy":"product_tag","embeddable":true,"href":"https:\/\/www.temaitaly.com\/fr\/wp-json\/wp\/v2\/product_tag?post=47906"}],"curies":[{"name":"wp","href":"https:\/\/api.w.org\/{rel}","templated":true}]}}