{"id":47940,"date":"2023-07-17T11:06:11","date_gmt":"2023-08-31T14:09:54","guid":{"rendered":"https:\/\/www.temaitaly.com\/prodotto\/af1514-14-treuil-freineuse-capacite-140-kn\/"},"modified":"2025-07-18T01:11:28","modified_gmt":"2025-07-18T01:11:28","slug":"af1514-14-treuil-freineuse-capacite-140-kn","status":"publish","type":"product","link":"https:\/\/www.temaitaly.com\/fr\/prodotto\/af1514-14-treuil-freineuse-capacite-140-kn\/","title":{"rendered":"AF1514.14<br>TREUIL-FREINEUSE<br><span class='subtitle-product'>Capacit\u00e9 140 kN<\/span>"},"content":{"rendered":"","protected":false},"excerpt":{"rendered":"<p>Treuil-Freineuse hydraulique de capacit\u00e9 140 kN pour op\u00e9rations de d\u00e9roulage de 1, 2, 3 ou 4 conducteurs.<\/p>\n","protected":false},"featured_media":287712,"template":"","meta":[],"product_cat":[357],"product_tag":[],"aioseo_notices":[],"_links":{"self":[{"href":"https:\/\/www.temaitaly.com\/fr\/wp-json\/wp\/v2\/product\/47940"}],"collection":[{"href":"https:\/\/www.temaitaly.com\/fr\/wp-json\/wp\/v2\/product"}],"about":[{"href":"https:\/\/www.temaitaly.com\/fr\/wp-json\/wp\/v2\/types\/product"}],"wp:featuredmedia":[{"embeddable":true,"href":"https:\/\/www.temaitaly.com\/fr\/wp-json\/wp\/v2\/media\/287712"}],"wp:attachment":[{"href":"https:\/\/www.temaitaly.com\/fr\/wp-json\/wp\/v2\/media?parent=47940"}],"wp:term":[{"taxonomy":"product_cat","embeddable":true,"href":"https:\/\/www.temaitaly.com\/fr\/wp-json\/wp\/v2\/product_cat?post=47940"},{"taxonomy":"product_tag","embeddable":true,"href":"https:\/\/www.temaitaly.com\/fr\/wp-json\/wp\/v2\/product_tag?post=47940"}],"curies":[{"name":"wp","href":"https:\/\/api.w.org\/{rel}","templated":true}]}}