{"id":48010,"date":"2023-07-17T11:06:28","date_gmt":"2023-08-31T14:10:16","guid":{"rendered":"https:\/\/www.temaitaly.com\/prodotto\/af157-24-treuil-freineuse-capacite-2x75-o-1x150-kn\/"},"modified":"2025-07-18T01:11:53","modified_gmt":"2025-07-18T01:11:53","slug":"af157-24-treuil-freineuse-capacite-2x75-o-1x150-kn","status":"publish","type":"product","link":"https:\/\/www.temaitaly.com\/fr\/prodotto\/af157-24-treuil-freineuse-capacite-2x75-o-1x150-kn\/","title":{"rendered":"AF157.24<br>TREUIL-FREINEUSE<br><span class='subtitle-product'>Capacit\u00e9 2&#215;75 o 1&#215;150 kN<\/span>"},"content":{"rendered":"","protected":false},"excerpt":{"rendered":"<p>Treuil-Freineuse hydraulique avec 2 circuits ind\u00e9pendants, de capacit\u00e9 2&#215;75 kN ou 1&#215;150 kN pour op\u00e9rations de d\u00e9roulage de 1, 2, 3 ou 4 conducteurs ou OPGW.<\/p>\n","protected":false},"featured_media":287744,"template":"","meta":[],"product_cat":[357],"product_tag":[],"aioseo_notices":[],"_links":{"self":[{"href":"https:\/\/www.temaitaly.com\/fr\/wp-json\/wp\/v2\/product\/48010"}],"collection":[{"href":"https:\/\/www.temaitaly.com\/fr\/wp-json\/wp\/v2\/product"}],"about":[{"href":"https:\/\/www.temaitaly.com\/fr\/wp-json\/wp\/v2\/types\/product"}],"wp:featuredmedia":[{"embeddable":true,"href":"https:\/\/www.temaitaly.com\/fr\/wp-json\/wp\/v2\/media\/287744"}],"wp:attachment":[{"href":"https:\/\/www.temaitaly.com\/fr\/wp-json\/wp\/v2\/media?parent=48010"}],"wp:term":[{"taxonomy":"product_cat","embeddable":true,"href":"https:\/\/www.temaitaly.com\/fr\/wp-json\/wp\/v2\/product_cat?post=48010"},{"taxonomy":"product_tag","embeddable":true,"href":"https:\/\/www.temaitaly.com\/fr\/wp-json\/wp\/v2\/product_tag?post=48010"}],"curies":[{"name":"wp","href":"https:\/\/api.w.org\/{rel}","templated":true}]}}