{"id":48039,"date":"2023-07-17T11:06:33","date_gmt":"2023-08-31T14:10:24","guid":{"rendered":"https:\/\/www.temaitaly.com\/prodotto\/af1518-14-treuil-freineuse-capacite-180-kn\/"},"modified":"2025-07-18T01:12:00","modified_gmt":"2025-07-18T01:12:00","slug":"af1518-14-treuil-freineuse-capacite-180-kn","status":"publish","type":"product","link":"https:\/\/www.temaitaly.com\/fr\/prodotto\/af1518-14-treuil-freineuse-capacite-180-kn\/","title":{"rendered":"AF1518.14<br>TREUIL-FREINEUSE<br><span class='subtitle-product'>Capacit\u00e9 180 kN<\/span>"},"content":{"rendered":"","protected":false},"excerpt":{"rendered":"<p>Treuil-Freineuse hydraulique de capacit\u00e9 180 kN pour op\u00e9rations de d\u00e9roulage de 1, 2, 3 ou 4 conducteurs .<\/p>\n","protected":false},"featured_media":287756,"template":"","meta":[],"product_cat":[357],"product_tag":[],"aioseo_notices":[],"_links":{"self":[{"href":"https:\/\/www.temaitaly.com\/fr\/wp-json\/wp\/v2\/product\/48039"}],"collection":[{"href":"https:\/\/www.temaitaly.com\/fr\/wp-json\/wp\/v2\/product"}],"about":[{"href":"https:\/\/www.temaitaly.com\/fr\/wp-json\/wp\/v2\/types\/product"}],"wp:featuredmedia":[{"embeddable":true,"href":"https:\/\/www.temaitaly.com\/fr\/wp-json\/wp\/v2\/media\/287756"}],"wp:attachment":[{"href":"https:\/\/www.temaitaly.com\/fr\/wp-json\/wp\/v2\/media?parent=48039"}],"wp:term":[{"taxonomy":"product_cat","embeddable":true,"href":"https:\/\/www.temaitaly.com\/fr\/wp-json\/wp\/v2\/product_cat?post=48039"},{"taxonomy":"product_tag","embeddable":true,"href":"https:\/\/www.temaitaly.com\/fr\/wp-json\/wp\/v2\/product_tag?post=48039"}],"curies":[{"name":"wp","href":"https:\/\/api.w.org\/{rel}","templated":true}]}}