{"id":48063,"date":"2023-07-17T11:06:38","date_gmt":"2023-08-31T14:10:30","guid":{"rendered":"https:\/\/www.temaitaly.com\/prodotto\/af154-44-treuil-freineuse-capacite-4x45-o-2x90-kn\/"},"modified":"2025-07-18T01:12:09","modified_gmt":"2025-07-18T01:12:09","slug":"af154-44-treuil-freineuse-capacite-4x45-o-2x90-kn","status":"publish","type":"product","link":"https:\/\/www.temaitaly.com\/fr\/prodotto\/af154-44-treuil-freineuse-capacite-4x45-o-2x90-kn\/","title":{"rendered":"AF154.44<br>TREUIL-FREINEUSE<br><span class='subtitle-product'>Capacit\u00e9 4&#215;45 o 2&#215;90 kN<\/span>"},"content":{"rendered":"","protected":false},"excerpt":{"rendered":"<p>Treuil-Freineuse hydraulique avec 4 circuits ind\u00e9pendants, de capacit\u00e9 4&#215;45 kN ou 2&#215;90 kN pour op\u00e9rations de d\u00e9roulage de 1, 2, 3 ou 4 conducteurs ou OPGW.<\/p>\n","protected":false},"featured_media":287768,"template":"","meta":[],"product_cat":[357],"product_tag":[],"aioseo_notices":[],"_links":{"self":[{"href":"https:\/\/www.temaitaly.com\/fr\/wp-json\/wp\/v2\/product\/48063"}],"collection":[{"href":"https:\/\/www.temaitaly.com\/fr\/wp-json\/wp\/v2\/product"}],"about":[{"href":"https:\/\/www.temaitaly.com\/fr\/wp-json\/wp\/v2\/types\/product"}],"wp:featuredmedia":[{"embeddable":true,"href":"https:\/\/www.temaitaly.com\/fr\/wp-json\/wp\/v2\/media\/287768"}],"wp:attachment":[{"href":"https:\/\/www.temaitaly.com\/fr\/wp-json\/wp\/v2\/media?parent=48063"}],"wp:term":[{"taxonomy":"product_cat","embeddable":true,"href":"https:\/\/www.temaitaly.com\/fr\/wp-json\/wp\/v2\/product_cat?post=48063"},{"taxonomy":"product_tag","embeddable":true,"href":"https:\/\/www.temaitaly.com\/fr\/wp-json\/wp\/v2\/product_tag?post=48063"}],"curies":[{"name":"wp","href":"https:\/\/api.w.org\/{rel}","templated":true}]}}