{"id":48252,"date":"2023-08-31T14:12:35","date_gmt":"2023-08-31T14:12:35","guid":{"rendered":"https:\/\/www.temaitaly.com\/prodotto\/101rbt-unite-de-traction\/"},"modified":"2025-07-18T01:16:29","modified_gmt":"2025-07-18T01:16:29","slug":"101rbt-unite-de-traction","status":"publish","type":"product","link":"https:\/\/www.temaitaly.com\/fr\/prodotto\/101rbt-unite-de-traction\/","title":{"rendered":"101RBT<br>UNIT\u00c9 DE TRACTION<br>"},"content":{"rendered":"","protected":false},"excerpt":{"rendered":"<p>Unit\u00e9 de traction t\u00e9l\u00e9command\u00e9e apte \u00e0 remplacer c\u00e2bles de garde\/OPGW, conducteurs ou positionner des syst\u00e8mes de protection entre la phase.<br \/>\nAdapt\u00e9 pour traveaux sous tension.<\/p>\n","protected":false},"featured_media":287868,"template":"","meta":[],"product_cat":[359],"product_tag":[],"aioseo_notices":[],"_links":{"self":[{"href":"https:\/\/www.temaitaly.com\/fr\/wp-json\/wp\/v2\/product\/48252"}],"collection":[{"href":"https:\/\/www.temaitaly.com\/fr\/wp-json\/wp\/v2\/product"}],"about":[{"href":"https:\/\/www.temaitaly.com\/fr\/wp-json\/wp\/v2\/types\/product"}],"wp:featuredmedia":[{"embeddable":true,"href":"https:\/\/www.temaitaly.com\/fr\/wp-json\/wp\/v2\/media\/287868"}],"wp:attachment":[{"href":"https:\/\/www.temaitaly.com\/fr\/wp-json\/wp\/v2\/media?parent=48252"}],"wp:term":[{"taxonomy":"product_cat","embeddable":true,"href":"https:\/\/www.temaitaly.com\/fr\/wp-json\/wp\/v2\/product_cat?post=48252"},{"taxonomy":"product_tag","embeddable":true,"href":"https:\/\/www.temaitaly.com\/fr\/wp-json\/wp\/v2\/product_tag?post=48252"}],"curies":[{"name":"wp","href":"https:\/\/api.w.org\/{rel}","templated":true}]}}