{"id":48362,"date":"2023-08-31T14:12:54","date_gmt":"2023-08-31T14:12:54","guid":{"rendered":"https:\/\/www.temaitaly.com\/prodotto\/026-a-poulie-de-deroulage-a-deux-reas-2\/"},"modified":"2025-07-18T01:16:48","modified_gmt":"2025-07-18T01:16:48","slug":"026-a-poulie-de-deroulage-a-deux-reas-2","status":"publish","type":"product","link":"https:\/\/www.temaitaly.com\/fr\/prodotto\/026-a-poulie-de-deroulage-a-deux-reas-2\/","title":{"rendered":"026-A<br>POULIE DE D\u00c9ROULAGE \u00c0 DEUX R\u00c9AS<br>"},"content":{"rendered":"","protected":false},"excerpt":{"rendered":"<p><a href=\"https:\/\/www.temaitaly.com\/fr\/prodotto\/026-a-poulie-de-deroulage-a-deux-reas-2\/\" class=\"more\">Read more<\/a><\/p>\n","protected":false},"featured_media":331263,"template":"","meta":[],"product_cat":[360],"product_tag":[],"aioseo_notices":[],"_links":{"self":[{"href":"https:\/\/www.temaitaly.com\/fr\/wp-json\/wp\/v2\/product\/48362"}],"collection":[{"href":"https:\/\/www.temaitaly.com\/fr\/wp-json\/wp\/v2\/product"}],"about":[{"href":"https:\/\/www.temaitaly.com\/fr\/wp-json\/wp\/v2\/types\/product"}],"wp:featuredmedia":[{"embeddable":true,"href":"https:\/\/www.temaitaly.com\/fr\/wp-json\/wp\/v2\/media\/331263"}],"wp:attachment":[{"href":"https:\/\/www.temaitaly.com\/fr\/wp-json\/wp\/v2\/media?parent=48362"}],"wp:term":[{"taxonomy":"product_cat","embeddable":true,"href":"https:\/\/www.temaitaly.com\/fr\/wp-json\/wp\/v2\/product_cat?post=48362"},{"taxonomy":"product_tag","embeddable":true,"href":"https:\/\/www.temaitaly.com\/fr\/wp-json\/wp\/v2\/product_tag?post=48362"}],"curies":[{"name":"wp","href":"https:\/\/api.w.org\/{rel}","templated":true}]}}