{"id":48405,"date":"2023-08-31T14:13:05","date_gmt":"2023-08-31T14:13:05","guid":{"rendered":"https:\/\/www.temaitaly.com\/prodotto\/652-tire-cables-universal-a-tir-alterne-pour-cable-acier\/"},"modified":"2025-07-18T01:16:56","modified_gmt":"2025-07-18T01:16:56","slug":"652-tire-cables-universal-a-tir-alterne-pour-cable-acier","status":"publish","type":"product","link":"https:\/\/www.temaitaly.com\/fr\/prodotto\/652-tire-cables-universal-a-tir-alterne-pour-cable-acier\/","title":{"rendered":"652<br>TIRE-C\u00c2BLES UNIVERSAL A TIR ALTERN\u00c9 POUR C\u00c2BLE ACIER<br>"},"content":{"rendered":"","protected":false},"excerpt":{"rendered":"<p><a href=\"https:\/\/www.temaitaly.com\/fr\/prodotto\/652-tire-cables-universal-a-tir-alterne-pour-cable-acier\/\" class=\"more\">Read more<\/a><\/p>\n","protected":false},"featured_media":298211,"template":"","meta":[],"product_cat":[360],"product_tag":[],"aioseo_notices":[],"_links":{"self":[{"href":"https:\/\/www.temaitaly.com\/fr\/wp-json\/wp\/v2\/product\/48405"}],"collection":[{"href":"https:\/\/www.temaitaly.com\/fr\/wp-json\/wp\/v2\/product"}],"about":[{"href":"https:\/\/www.temaitaly.com\/fr\/wp-json\/wp\/v2\/types\/product"}],"wp:featuredmedia":[{"embeddable":true,"href":"https:\/\/www.temaitaly.com\/fr\/wp-json\/wp\/v2\/media\/298211"}],"wp:attachment":[{"href":"https:\/\/www.temaitaly.com\/fr\/wp-json\/wp\/v2\/media?parent=48405"}],"wp:term":[{"taxonomy":"product_cat","embeddable":true,"href":"https:\/\/www.temaitaly.com\/fr\/wp-json\/wp\/v2\/product_cat?post=48405"},{"taxonomy":"product_tag","embeddable":true,"href":"https:\/\/www.temaitaly.com\/fr\/wp-json\/wp\/v2\/product_tag?post=48405"}],"curies":[{"name":"wp","href":"https:\/\/api.w.org\/{rel}","templated":true}]}}