{"id":48478,"date":"2023-08-31T14:13:22","date_gmt":"2023-08-31T14:13:22","guid":{"rendered":"https:\/\/www.temaitaly.com\/prodotto\/026-1-poulie-de-deroulage-pour-cable-preforme-b-t-et-cable-nus-2\/"},"modified":"2025-07-18T01:17:14","modified_gmt":"2025-07-18T01:17:14","slug":"026-1-poulie-de-deroulage-pour-cable-preforme-b-t-et-cable-nus-2","status":"publish","type":"product","link":"https:\/\/www.temaitaly.com\/fr\/prodotto\/026-1-poulie-de-deroulage-pour-cable-preforme-b-t-et-cable-nus-2\/","title":{"rendered":"026-1<br>POULIE DE D\u00c9ROULAGE POUR C\u00c2BLE PR\u00c9FORM\u00c9 B.T. ET C\u00c2BLE NUS<br>"},"content":{"rendered":"","protected":false},"excerpt":{"rendered":"<p><a href=\"https:\/\/www.temaitaly.com\/fr\/prodotto\/026-1-poulie-de-deroulage-pour-cable-preforme-b-t-et-cable-nus-2\/\" class=\"more\">Read more<\/a><\/p>\n","protected":false},"featured_media":293015,"template":"","meta":[],"product_cat":[360],"product_tag":[],"aioseo_notices":[],"_links":{"self":[{"href":"https:\/\/www.temaitaly.com\/fr\/wp-json\/wp\/v2\/product\/48478"}],"collection":[{"href":"https:\/\/www.temaitaly.com\/fr\/wp-json\/wp\/v2\/product"}],"about":[{"href":"https:\/\/www.temaitaly.com\/fr\/wp-json\/wp\/v2\/types\/product"}],"wp:featuredmedia":[{"embeddable":true,"href":"https:\/\/www.temaitaly.com\/fr\/wp-json\/wp\/v2\/media\/293015"}],"wp:attachment":[{"href":"https:\/\/www.temaitaly.com\/fr\/wp-json\/wp\/v2\/media?parent=48478"}],"wp:term":[{"taxonomy":"product_cat","embeddable":true,"href":"https:\/\/www.temaitaly.com\/fr\/wp-json\/wp\/v2\/product_cat?post=48478"},{"taxonomy":"product_tag","embeddable":true,"href":"https:\/\/www.temaitaly.com\/fr\/wp-json\/wp\/v2\/product_tag?post=48478"}],"curies":[{"name":"wp","href":"https:\/\/api.w.org\/{rel}","templated":true}]}}