{"id":48504,"date":"2023-08-31T14:13:27","date_gmt":"2023-08-31T14:13:27","guid":{"rendered":"https:\/\/www.temaitaly.com\/prodotto\/026-2-poulie-de-deroulage-pour-cable-preforme-b-t-2\/"},"modified":"2025-07-18T01:17:20","modified_gmt":"2025-07-18T01:17:20","slug":"026-2-poulie-de-deroulage-pour-cable-preforme-b-t-2","status":"publish","type":"product","link":"https:\/\/www.temaitaly.com\/fr\/prodotto\/026-2-poulie-de-deroulage-pour-cable-preforme-b-t-2\/","title":{"rendered":"026-2<br>POULIE DE D\u00c9ROULAGE POUR C\u00c2BLE PR\u00c9FORM\u00c9 B.T<br>"},"content":{"rendered":"","protected":false},"excerpt":{"rendered":"<p><a href=\"https:\/\/www.temaitaly.com\/fr\/prodotto\/026-2-poulie-de-deroulage-pour-cable-preforme-b-t-2\/\" class=\"more\">Read more<\/a><\/p>\n","protected":false},"featured_media":293019,"template":"","meta":[],"product_cat":[360],"product_tag":[],"aioseo_notices":[],"_links":{"self":[{"href":"https:\/\/www.temaitaly.com\/fr\/wp-json\/wp\/v2\/product\/48504"}],"collection":[{"href":"https:\/\/www.temaitaly.com\/fr\/wp-json\/wp\/v2\/product"}],"about":[{"href":"https:\/\/www.temaitaly.com\/fr\/wp-json\/wp\/v2\/types\/product"}],"wp:featuredmedia":[{"embeddable":true,"href":"https:\/\/www.temaitaly.com\/fr\/wp-json\/wp\/v2\/media\/293019"}],"wp:attachment":[{"href":"https:\/\/www.temaitaly.com\/fr\/wp-json\/wp\/v2\/media?parent=48504"}],"wp:term":[{"taxonomy":"product_cat","embeddable":true,"href":"https:\/\/www.temaitaly.com\/fr\/wp-json\/wp\/v2\/product_cat?post=48504"},{"taxonomy":"product_tag","embeddable":true,"href":"https:\/\/www.temaitaly.com\/fr\/wp-json\/wp\/v2\/product_tag?post=48504"}],"curies":[{"name":"wp","href":"https:\/\/api.w.org\/{rel}","templated":true}]}}