{"id":48629,"date":"2023-08-31T14:13:57","date_gmt":"2023-08-31T14:13:57","guid":{"rendered":"https:\/\/www.temaitaly.com\/prodotto\/5000-poulie-a-deux-reas-pour-deroulage-de-cable-preforme-m-t\/"},"modified":"2025-07-18T01:17:54","modified_gmt":"2025-07-18T01:17:54","slug":"5000-poulie-a-deux-reas-pour-deroulage-de-cable-preforme-m-t","status":"publish","type":"product","link":"https:\/\/www.temaitaly.com\/fr\/prodotto\/5000-poulie-a-deux-reas-pour-deroulage-de-cable-preforme-m-t\/","title":{"rendered":"5000<br>POULIE \u00c0 DEUX R\u00c9AS POUR D\u00c9ROULAGE DE C\u00c2BLE PR\u00c9FORM\u00c9 M.T<br>"},"content":{"rendered":"","protected":false},"excerpt":{"rendered":"<p><a href=\"https:\/\/www.temaitaly.com\/fr\/prodotto\/5000-poulie-a-deux-reas-pour-deroulage-de-cable-preforme-m-t\/\" class=\"more\">Read more<\/a><\/p>\n","protected":false},"featured_media":291199,"template":"","meta":[],"product_cat":[360],"product_tag":[],"aioseo_notices":[],"_links":{"self":[{"href":"https:\/\/www.temaitaly.com\/fr\/wp-json\/wp\/v2\/product\/48629"}],"collection":[{"href":"https:\/\/www.temaitaly.com\/fr\/wp-json\/wp\/v2\/product"}],"about":[{"href":"https:\/\/www.temaitaly.com\/fr\/wp-json\/wp\/v2\/types\/product"}],"wp:featuredmedia":[{"embeddable":true,"href":"https:\/\/www.temaitaly.com\/fr\/wp-json\/wp\/v2\/media\/291199"}],"wp:attachment":[{"href":"https:\/\/www.temaitaly.com\/fr\/wp-json\/wp\/v2\/media?parent=48629"}],"wp:term":[{"taxonomy":"product_cat","embeddable":true,"href":"https:\/\/www.temaitaly.com\/fr\/wp-json\/wp\/v2\/product_cat?post=48629"},{"taxonomy":"product_tag","embeddable":true,"href":"https:\/\/www.temaitaly.com\/fr\/wp-json\/wp\/v2\/product_tag?post=48629"}],"curies":[{"name":"wp","href":"https:\/\/api.w.org\/{rel}","templated":true}]}}