{"id":49120,"date":"2023-07-17T11:10:28","date_gmt":"2023-08-31T14:16:45","guid":{"rendered":"https:\/\/www.temaitaly.com\/prodotto\/025-e-3-poulie-de-deroulage-pour-conducteurs-en-faisceau-double-et-triple-avec-helicoptere\/"},"modified":"2025-07-18T01:20:16","modified_gmt":"2025-07-18T01:20:16","slug":"025-e-3-poulie-de-deroulage-pour-conducteurs-en-faisceau-double-et-triple-avec-helicoptere","status":"publish","type":"product","link":"https:\/\/www.temaitaly.com\/fr\/prodotto\/025-e-3-poulie-de-deroulage-pour-conducteurs-en-faisceau-double-et-triple-avec-helicoptere\/","title":{"rendered":"025-E-3<br>POULIE DE D\u00c9ROULAGE POUR CONDUCTEURS EN FAISCEAU DOUBLE ET TRIPLE AVEC H\u00c9LICOPT\u00c8RE<br>"},"content":{"rendered":"","protected":false},"excerpt":{"rendered":"<p><a href=\"https:\/\/www.temaitaly.com\/fr\/prodotto\/025-e-3-poulie-de-deroulage-pour-conducteurs-en-faisceau-double-et-triple-avec-helicoptere\/\" class=\"more\">Read more<\/a><\/p>\n","protected":false},"featured_media":428820,"template":"","meta":[],"product_cat":[362],"product_tag":[],"aioseo_notices":[],"_links":{"self":[{"href":"https:\/\/www.temaitaly.com\/fr\/wp-json\/wp\/v2\/product\/49120"}],"collection":[{"href":"https:\/\/www.temaitaly.com\/fr\/wp-json\/wp\/v2\/product"}],"about":[{"href":"https:\/\/www.temaitaly.com\/fr\/wp-json\/wp\/v2\/types\/product"}],"wp:featuredmedia":[{"embeddable":true,"href":"https:\/\/www.temaitaly.com\/fr\/wp-json\/wp\/v2\/media\/428820"}],"wp:attachment":[{"href":"https:\/\/www.temaitaly.com\/fr\/wp-json\/wp\/v2\/media?parent=49120"}],"wp:term":[{"taxonomy":"product_cat","embeddable":true,"href":"https:\/\/www.temaitaly.com\/fr\/wp-json\/wp\/v2\/product_cat?post=49120"},{"taxonomy":"product_tag","embeddable":true,"href":"https:\/\/www.temaitaly.com\/fr\/wp-json\/wp\/v2\/product_tag?post=49120"}],"curies":[{"name":"wp","href":"https:\/\/api.w.org\/{rel}","templated":true}]}}