{"id":49146,"date":"2023-07-17T11:10:39","date_gmt":"2023-08-31T14:16:58","guid":{"rendered":"https:\/\/www.temaitaly.com\/prodotto\/026-e-poulie-de-deroulage-pour-conducteurs-avec-helicoptere-angle-reglable-2\/"},"modified":"2025-07-18T01:20:20","modified_gmt":"2025-07-18T01:20:20","slug":"026-e-poulie-de-deroulage-pour-conducteurs-avec-helicoptere-angle-reglable-2","status":"publish","type":"product","link":"https:\/\/www.temaitaly.com\/fr\/prodotto\/026-e-poulie-de-deroulage-pour-conducteurs-avec-helicoptere-angle-reglable-2\/","title":{"rendered":"026-E<br>POULIE DE D\u00c9ROULAGE POUR CONDUCTEURS AVEC H\u00c9LICOPT\u00c8RE (ANGLE R\u00c9GLABLE)<br>"},"content":{"rendered":"","protected":false},"excerpt":{"rendered":"<p><a href=\"https:\/\/www.temaitaly.com\/fr\/prodotto\/026-e-poulie-de-deroulage-pour-conducteurs-avec-helicoptere-angle-reglable-2\/\" class=\"more\">Read more<\/a><\/p>\n","protected":false},"featured_media":422621,"template":"","meta":[],"product_cat":[362],"product_tag":[],"aioseo_notices":[],"_links":{"self":[{"href":"https:\/\/www.temaitaly.com\/fr\/wp-json\/wp\/v2\/product\/49146"}],"collection":[{"href":"https:\/\/www.temaitaly.com\/fr\/wp-json\/wp\/v2\/product"}],"about":[{"href":"https:\/\/www.temaitaly.com\/fr\/wp-json\/wp\/v2\/types\/product"}],"wp:featuredmedia":[{"embeddable":true,"href":"https:\/\/www.temaitaly.com\/fr\/wp-json\/wp\/v2\/media\/422621"}],"wp:attachment":[{"href":"https:\/\/www.temaitaly.com\/fr\/wp-json\/wp\/v2\/media?parent=49146"}],"wp:term":[{"taxonomy":"product_cat","embeddable":true,"href":"https:\/\/www.temaitaly.com\/fr\/wp-json\/wp\/v2\/product_cat?post=49146"},{"taxonomy":"product_tag","embeddable":true,"href":"https:\/\/www.temaitaly.com\/fr\/wp-json\/wp\/v2\/product_tag?post=49146"}],"curies":[{"name":"wp","href":"https:\/\/api.w.org\/{rel}","templated":true}]}}