{"id":49171,"date":"2023-07-17T11:10:42","date_gmt":"2023-08-31T14:17:03","guid":{"rendered":"https:\/\/www.temaitaly.com\/prodotto\/026-poulie-de-deroulage-cable-de-garde-avec-helicoptere-pour-le-sommet-des-pylones\/"},"modified":"2025-07-18T01:20:27","modified_gmt":"2025-07-18T01:20:27","slug":"026-poulie-de-deroulage-cable-de-garde-avec-helicoptere-pour-le-sommet-des-pylones","status":"publish","type":"product","link":"https:\/\/www.temaitaly.com\/fr\/prodotto\/026-poulie-de-deroulage-cable-de-garde-avec-helicoptere-pour-le-sommet-des-pylones\/","title":{"rendered":"026<br>POULIE DE D\u00c9ROULAGE CABLE DE GARDE AVEC H\u00c9LICOPT\u00c8RE POUR LE SOMMET DES PYL\u00d4NES<br>"},"content":{"rendered":"","protected":false},"excerpt":{"rendered":"<p><a href=\"https:\/\/www.temaitaly.com\/fr\/prodotto\/026-poulie-de-deroulage-cable-de-garde-avec-helicoptere-pour-le-sommet-des-pylones\/\" class=\"more\">Read more<\/a><\/p>\n","protected":false},"featured_media":422625,"template":"","meta":[],"product_cat":[362],"product_tag":[],"aioseo_notices":[],"_links":{"self":[{"href":"https:\/\/www.temaitaly.com\/fr\/wp-json\/wp\/v2\/product\/49171"}],"collection":[{"href":"https:\/\/www.temaitaly.com\/fr\/wp-json\/wp\/v2\/product"}],"about":[{"href":"https:\/\/www.temaitaly.com\/fr\/wp-json\/wp\/v2\/types\/product"}],"wp:featuredmedia":[{"embeddable":true,"href":"https:\/\/www.temaitaly.com\/fr\/wp-json\/wp\/v2\/media\/422625"}],"wp:attachment":[{"href":"https:\/\/www.temaitaly.com\/fr\/wp-json\/wp\/v2\/media?parent=49171"}],"wp:term":[{"taxonomy":"product_cat","embeddable":true,"href":"https:\/\/www.temaitaly.com\/fr\/wp-json\/wp\/v2\/product_cat?post=49171"},{"taxonomy":"product_tag","embeddable":true,"href":"https:\/\/www.temaitaly.com\/fr\/wp-json\/wp\/v2\/product_tag?post=49171"}],"curies":[{"name":"wp","href":"https:\/\/api.w.org\/{rel}","templated":true}]}}