{"id":49711,"date":"2023-08-31T14:19:46","date_gmt":"2023-08-31T14:19:46","guid":{"rendered":"https:\/\/www.temaitaly.com\/prodotto\/041-fr-porte-bobines-pour-le-deroulage-avec-helicoptere\/"},"modified":"2025-07-18T01:22:36","modified_gmt":"2025-07-18T01:22:36","slug":"041-fr-porte-bobines-pour-le-deroulage-avec-helicoptere","status":"publish","type":"product","link":"https:\/\/www.temaitaly.com\/fr\/prodotto\/041-fr-porte-bobines-pour-le-deroulage-avec-helicoptere\/","title":{"rendered":"041-FR<br>PORTE-BOBINES POUR LE D\u00c9ROULAGE AVEC H\u00c9LICOPT\u00c8RE<br>"},"content":{"rendered":"","protected":false},"excerpt":{"rendered":"<p><a href=\"https:\/\/www.temaitaly.com\/fr\/prodotto\/041-fr-porte-bobines-pour-le-deroulage-avec-helicoptere\/\" class=\"more\">Read more<\/a><\/p>\n","protected":false},"featured_media":291851,"template":"","meta":[],"product_cat":[363],"product_tag":[],"aioseo_notices":[],"_links":{"self":[{"href":"https:\/\/www.temaitaly.com\/fr\/wp-json\/wp\/v2\/product\/49711"}],"collection":[{"href":"https:\/\/www.temaitaly.com\/fr\/wp-json\/wp\/v2\/product"}],"about":[{"href":"https:\/\/www.temaitaly.com\/fr\/wp-json\/wp\/v2\/types\/product"}],"wp:featuredmedia":[{"embeddable":true,"href":"https:\/\/www.temaitaly.com\/fr\/wp-json\/wp\/v2\/media\/291851"}],"wp:attachment":[{"href":"https:\/\/www.temaitaly.com\/fr\/wp-json\/wp\/v2\/media?parent=49711"}],"wp:term":[{"taxonomy":"product_cat","embeddable":true,"href":"https:\/\/www.temaitaly.com\/fr\/wp-json\/wp\/v2\/product_cat?post=49711"},{"taxonomy":"product_tag","embeddable":true,"href":"https:\/\/www.temaitaly.com\/fr\/wp-json\/wp\/v2\/product_tag?post=49711"}],"curies":[{"name":"wp","href":"https:\/\/api.w.org\/{rel}","templated":true}]}}