{"id":51391,"date":"2023-08-31T14:37:52","date_gmt":"2023-08-31T14:37:52","guid":{"rendered":"https:\/\/www.temaitaly.com\/prodotto\/013-tp-echelle-dancrage-a-section-trapezoidale\/"},"modified":"2025-07-18T01:40:14","modified_gmt":"2025-07-18T01:40:14","slug":"013-tp-echelle-dancrage-a-section-trapezoidale","status":"publish","type":"product","link":"https:\/\/www.temaitaly.com\/fr\/prodotto\/013-tp-echelle-dancrage-a-section-trapezoidale\/","title":{"rendered":"013-TP<br>\u00c9CHELLE D\u2019ANCRAGE \u00c0 SECTION TRAP\u00c9ZO\u00cfDALE<br>"},"content":{"rendered":"","protected":false},"excerpt":{"rendered":"<p><a href=\"https:\/\/www.temaitaly.com\/fr\/prodotto\/013-tp-echelle-dancrage-a-section-trapezoidale\/\" class=\"more\">Read more<\/a><\/p>\n","protected":false},"featured_media":297695,"template":"","meta":[],"product_cat":[373],"product_tag":[],"aioseo_notices":[],"_links":{"self":[{"href":"https:\/\/www.temaitaly.com\/fr\/wp-json\/wp\/v2\/product\/51391"}],"collection":[{"href":"https:\/\/www.temaitaly.com\/fr\/wp-json\/wp\/v2\/product"}],"about":[{"href":"https:\/\/www.temaitaly.com\/fr\/wp-json\/wp\/v2\/types\/product"}],"wp:featuredmedia":[{"embeddable":true,"href":"https:\/\/www.temaitaly.com\/fr\/wp-json\/wp\/v2\/media\/297695"}],"wp:attachment":[{"href":"https:\/\/www.temaitaly.com\/fr\/wp-json\/wp\/v2\/media?parent=51391"}],"wp:term":[{"taxonomy":"product_cat","embeddable":true,"href":"https:\/\/www.temaitaly.com\/fr\/wp-json\/wp\/v2\/product_cat?post=51391"},{"taxonomy":"product_tag","embeddable":true,"href":"https:\/\/www.temaitaly.com\/fr\/wp-json\/wp\/v2\/product_tag?post=51391"}],"curies":[{"name":"wp","href":"https:\/\/api.w.org\/{rel}","templated":true}]}}