{"id":51428,"date":"2023-08-31T14:38:16","date_gmt":"2023-08-31T14:38:16","guid":{"rendered":"https:\/\/www.temaitaly.com\/prodotto\/013-g-gg-e-013-tp-gg-echelle-dancrage-a-section-triangulaire-trapezoidale\/"},"modified":"2025-07-18T01:40:16","modified_gmt":"2025-07-18T01:40:16","slug":"013-g-gg-e-013-tp-gg-echelle-dancrage-a-section-triangulaire-trapezoidale","status":"publish","type":"product","link":"https:\/\/www.temaitaly.com\/fr\/prodotto\/013-g-gg-e-013-tp-gg-echelle-dancrage-a-section-triangulaire-trapezoidale\/","title":{"rendered":"013-G.GG E 013-TP.GG<br>\u00c9CHELLE D\u2019ANCRAGE \u00c0 SECTION TRIANGULAIRE-TRAP\u00c9ZO\u00cfDALE<br>"},"content":{"rendered":"","protected":false},"excerpt":{"rendered":"<p><a href=\"https:\/\/www.temaitaly.com\/fr\/prodotto\/013-g-gg-e-013-tp-gg-echelle-dancrage-a-section-triangulaire-trapezoidale\/\" class=\"more\">Read more<\/a><\/p>\n","protected":false},"featured_media":331821,"template":"","meta":[],"product_cat":[373],"product_tag":[],"aioseo_notices":[],"_links":{"self":[{"href":"https:\/\/www.temaitaly.com\/fr\/wp-json\/wp\/v2\/product\/51428"}],"collection":[{"href":"https:\/\/www.temaitaly.com\/fr\/wp-json\/wp\/v2\/product"}],"about":[{"href":"https:\/\/www.temaitaly.com\/fr\/wp-json\/wp\/v2\/types\/product"}],"wp:featuredmedia":[{"embeddable":true,"href":"https:\/\/www.temaitaly.com\/fr\/wp-json\/wp\/v2\/media\/331821"}],"wp:attachment":[{"href":"https:\/\/www.temaitaly.com\/fr\/wp-json\/wp\/v2\/media?parent=51428"}],"wp:term":[{"taxonomy":"product_cat","embeddable":true,"href":"https:\/\/www.temaitaly.com\/fr\/wp-json\/wp\/v2\/product_cat?post=51428"},{"taxonomy":"product_tag","embeddable":true,"href":"https:\/\/www.temaitaly.com\/fr\/wp-json\/wp\/v2\/product_tag?post=51428"}],"curies":[{"name":"wp","href":"https:\/\/api.w.org\/{rel}","templated":true}]}}