{"id":52405,"date":"2023-07-17T11:27:33","date_gmt":"2023-08-31T14:42:10","guid":{"rendered":"https:\/\/www.temaitaly.com\/prodotto\/104r3-treuil-capacite-30-kn-2\/"},"modified":"2025-07-18T01:44:13","modified_gmt":"2025-07-18T01:44:13","slug":"104r3-argano-capacita-30-kn","status":"publish","type":"product","link":"https:\/\/www.temaitaly.com\/fr\/prodotto\/104r3-argano-capacita-30-kn\/","title":{"rendered":"104R3<br>POIGN\u00c9E<br><span class='subtitle-product'>CAPACIT\u00c9 30 kN<\/span>"},"content":{"rendered":"","protected":false},"excerpt":{"rendered":"<p>Treuil hydraulique d&rsquo;une capacit\u00e9 de 30 kN avec enrouleur de c\u00e2ble int\u00e9gr\u00e9, adapt\u00e9 \u00e0 la pose de c\u00e2bles.<\/p>\n","protected":false},"featured_media":335204,"template":"","meta":[],"product_cat":[380],"product_tag":[],"aioseo_notices":[],"_links":{"self":[{"href":"https:\/\/www.temaitaly.com\/fr\/wp-json\/wp\/v2\/product\/52405"}],"collection":[{"href":"https:\/\/www.temaitaly.com\/fr\/wp-json\/wp\/v2\/product"}],"about":[{"href":"https:\/\/www.temaitaly.com\/fr\/wp-json\/wp\/v2\/types\/product"}],"wp:featuredmedia":[{"embeddable":true,"href":"https:\/\/www.temaitaly.com\/fr\/wp-json\/wp\/v2\/media\/335204"}],"wp:attachment":[{"href":"https:\/\/www.temaitaly.com\/fr\/wp-json\/wp\/v2\/media?parent=52405"}],"wp:term":[{"taxonomy":"product_cat","embeddable":true,"href":"https:\/\/www.temaitaly.com\/fr\/wp-json\/wp\/v2\/product_cat?post=52405"},{"taxonomy":"product_tag","embeddable":true,"href":"https:\/\/www.temaitaly.com\/fr\/wp-json\/wp\/v2\/product_tag?post=52405"}],"curies":[{"name":"wp","href":"https:\/\/api.w.org\/{rel}","templated":true}]}}