{"id":52449,"date":"2023-08-31T14:42:27","date_gmt":"2023-08-31T14:42:27","guid":{"rendered":"https:\/\/www.temaitaly.com\/prodotto\/104r5-treuil-capacite-55-kn\/"},"modified":"2025-07-18T01:44:27","modified_gmt":"2025-07-18T01:44:27","slug":"104r5-treuil-capacite-55-kn","status":"publish","type":"product","link":"https:\/\/www.temaitaly.com\/fr\/prodotto\/104r5-treuil-capacite-55-kn\/","title":{"rendered":"104R5<br>TREUIL<br><span class='subtitle-product'>CAPACITE&rsquo; 55 kN<\/span>"},"content":{"rendered":"","protected":false},"excerpt":{"rendered":"<p>Treuil hydraulique capacit\u00e9 de 55 kN avec enrouleur de c\u00e2ble int\u00e9gr\u00e9, adapt\u00e9 \u00e0 la pose de c\u00e2bles.<\/p>\n","protected":false},"featured_media":335208,"template":"","meta":[],"product_cat":[380],"product_tag":[],"aioseo_notices":[],"_links":{"self":[{"href":"https:\/\/www.temaitaly.com\/fr\/wp-json\/wp\/v2\/product\/52449"}],"collection":[{"href":"https:\/\/www.temaitaly.com\/fr\/wp-json\/wp\/v2\/product"}],"about":[{"href":"https:\/\/www.temaitaly.com\/fr\/wp-json\/wp\/v2\/types\/product"}],"wp:featuredmedia":[{"embeddable":true,"href":"https:\/\/www.temaitaly.com\/fr\/wp-json\/wp\/v2\/media\/335208"}],"wp:attachment":[{"href":"https:\/\/www.temaitaly.com\/fr\/wp-json\/wp\/v2\/media?parent=52449"}],"wp:term":[{"taxonomy":"product_cat","embeddable":true,"href":"https:\/\/www.temaitaly.com\/fr\/wp-json\/wp\/v2\/product_cat?post=52449"},{"taxonomy":"product_tag","embeddable":true,"href":"https:\/\/www.temaitaly.com\/fr\/wp-json\/wp\/v2\/product_tag?post=52449"}],"curies":[{"name":"wp","href":"https:\/\/api.w.org\/{rel}","templated":true}]}}