{"id":52599,"date":"2023-08-31T14:43:08","date_gmt":"2023-08-31T14:43:08","guid":{"rendered":"https:\/\/www.temaitaly.com\/prodotto\/105rs15-treuil-avec-mouvement-autonome-capacite-150-kn\/"},"modified":"2025-07-18T01:45:23","modified_gmt":"2025-07-18T01:45:23","slug":"105rs15-treuil-avec-mouvement-autonome-capacite-150-kn","status":"publish","type":"product","link":"https:\/\/www.temaitaly.com\/fr\/prodotto\/105rs15-treuil-avec-mouvement-autonome-capacite-150-kn\/","title":{"rendered":"105RS15<br>TREUIL AVEC MOUVEMENT AUTONOME<br><span class='subtitle-product'>Capacit\u00e9 150 kN<\/span>"},"content":{"rendered":"","protected":false},"excerpt":{"rendered":"<p>Treuil hydraulique avec mouvement autonome capacit\u00e9 de 150 kN avec enrouleur de c\u00e2ble int\u00e9gr\u00e9, adapt\u00e9 \u00e0 la pose de c\u00e2bles et de tuyaux.<\/p>\n","protected":false},"featured_media":335220,"template":"","meta":[],"product_cat":[381],"product_tag":[],"aioseo_notices":[],"_links":{"self":[{"href":"https:\/\/www.temaitaly.com\/fr\/wp-json\/wp\/v2\/product\/52599"}],"collection":[{"href":"https:\/\/www.temaitaly.com\/fr\/wp-json\/wp\/v2\/product"}],"about":[{"href":"https:\/\/www.temaitaly.com\/fr\/wp-json\/wp\/v2\/types\/product"}],"wp:featuredmedia":[{"embeddable":true,"href":"https:\/\/www.temaitaly.com\/fr\/wp-json\/wp\/v2\/media\/335220"}],"wp:attachment":[{"href":"https:\/\/www.temaitaly.com\/fr\/wp-json\/wp\/v2\/media?parent=52599"}],"wp:term":[{"taxonomy":"product_cat","embeddable":true,"href":"https:\/\/www.temaitaly.com\/fr\/wp-json\/wp\/v2\/product_cat?post=52599"},{"taxonomy":"product_tag","embeddable":true,"href":"https:\/\/www.temaitaly.com\/fr\/wp-json\/wp\/v2\/product_tag?post=52599"}],"curies":[{"name":"wp","href":"https:\/\/api.w.org\/{rel}","templated":true}]}}