{"id":52673,"date":"2023-08-31T14:44:19","date_gmt":"2023-08-31T14:44:19","guid":{"rendered":"https:\/\/www.temaitaly.com\/prodotto\/461-tete-de-tirage-pour-pose-souterraine-de-cables-unipolaires-isoles\/"},"modified":"2025-07-18T01:46:30","modified_gmt":"2025-07-18T01:46:30","slug":"461-tete-de-tirage-pour-pose-souterraine-de-cables-unipolaires-isoles","status":"publish","type":"product","link":"https:\/\/www.temaitaly.com\/fr\/prodotto\/461-tete-de-tirage-pour-pose-souterraine-de-cables-unipolaires-isoles\/","title":{"rendered":"461<br>T\u00caTE DE TIRAGE POUR POSE SOUTERRAINE DE C\u00c2BLES UNIPOLAIRES ISOL\u00c9S<br>"},"content":{"rendered":"","protected":false},"excerpt":{"rendered":"<p><a href=\"https:\/\/www.temaitaly.com\/fr\/prodotto\/461-tete-de-tirage-pour-pose-souterraine-de-cables-unipolaires-isoles\/\" class=\"more\">Read more<\/a><\/p>\n","protected":false},"featured_media":290075,"template":"","meta":[],"product_cat":[382],"product_tag":[],"aioseo_notices":[],"_links":{"self":[{"href":"https:\/\/www.temaitaly.com\/fr\/wp-json\/wp\/v2\/product\/52673"}],"collection":[{"href":"https:\/\/www.temaitaly.com\/fr\/wp-json\/wp\/v2\/product"}],"about":[{"href":"https:\/\/www.temaitaly.com\/fr\/wp-json\/wp\/v2\/types\/product"}],"wp:featuredmedia":[{"embeddable":true,"href":"https:\/\/www.temaitaly.com\/fr\/wp-json\/wp\/v2\/media\/290075"}],"wp:attachment":[{"href":"https:\/\/www.temaitaly.com\/fr\/wp-json\/wp\/v2\/media?parent=52673"}],"wp:term":[{"taxonomy":"product_cat","embeddable":true,"href":"https:\/\/www.temaitaly.com\/fr\/wp-json\/wp\/v2\/product_cat?post=52673"},{"taxonomy":"product_tag","embeddable":true,"href":"https:\/\/www.temaitaly.com\/fr\/wp-json\/wp\/v2\/product_tag?post=52673"}],"curies":[{"name":"wp","href":"https:\/\/api.w.org\/{rel}","templated":true}]}}