{"id":52690,"date":"2023-08-31T14:44:23","date_gmt":"2023-08-31T14:44:23","guid":{"rendered":"https:\/\/www.temaitaly.com\/prodotto\/465-tete-de-tirage-pour-pose-souterraine-de-cables-preformes-isoles\/"},"modified":"2025-07-18T01:46:37","modified_gmt":"2025-07-18T01:46:37","slug":"465-tete-de-tirage-pour-pose-souterraine-de-cables-preformes-isoles","status":"publish","type":"product","link":"https:\/\/www.temaitaly.com\/fr\/prodotto\/465-tete-de-tirage-pour-pose-souterraine-de-cables-preformes-isoles\/","title":{"rendered":"465<br>T\u00caTE DE TIRAGE POUR POSE SOUTERRAINE DE C\u00c2BLES PR\u00c9FORM\u00c9S ISOL\u00c9S<br>"},"content":{"rendered":"","protected":false},"excerpt":{"rendered":"<p><a href=\"https:\/\/www.temaitaly.com\/fr\/prodotto\/465-tete-de-tirage-pour-pose-souterraine-de-cables-preformes-isoles\/\" class=\"more\">Read more<\/a><\/p>\n","protected":false},"featured_media":290091,"template":"","meta":[],"product_cat":[382],"product_tag":[],"aioseo_notices":[],"_links":{"self":[{"href":"https:\/\/www.temaitaly.com\/fr\/wp-json\/wp\/v2\/product\/52690"}],"collection":[{"href":"https:\/\/www.temaitaly.com\/fr\/wp-json\/wp\/v2\/product"}],"about":[{"href":"https:\/\/www.temaitaly.com\/fr\/wp-json\/wp\/v2\/types\/product"}],"wp:featuredmedia":[{"embeddable":true,"href":"https:\/\/www.temaitaly.com\/fr\/wp-json\/wp\/v2\/media\/290091"}],"wp:attachment":[{"href":"https:\/\/www.temaitaly.com\/fr\/wp-json\/wp\/v2\/media?parent=52690"}],"wp:term":[{"taxonomy":"product_cat","embeddable":true,"href":"https:\/\/www.temaitaly.com\/fr\/wp-json\/wp\/v2\/product_cat?post=52690"},{"taxonomy":"product_tag","embeddable":true,"href":"https:\/\/www.temaitaly.com\/fr\/wp-json\/wp\/v2\/product_tag?post=52690"}],"curies":[{"name":"wp","href":"https:\/\/api.w.org\/{rel}","templated":true}]}}