{"id":53538,"date":"2023-08-31T14:50:28","date_gmt":"2023-08-31T14:50:28","guid":{"rendered":"https:\/\/www.temaitaly.com\/prodotto\/som-18-6-9-11-raccord-dextremite-filete\/"},"modified":"2023-12-18T02:26:43","modified_gmt":"2023-12-18T02:26:43","slug":"som-18-6-9-11-raccord-dextremite-filete","status":"publish","type":"product","link":"https:\/\/www.temaitaly.com\/fr\/prodotto\/som-18-6-9-11-raccord-dextremite-filete\/","title":{"rendered":"SOM 18.6 -.9- .11<br>RACCORD D&rsquo;EXTR\u00c9MIT\u00c9 FILET\u00c9<br>"},"content":{"rendered":"","protected":false},"excerpt":{"rendered":"<p><a href=\"https:\/\/www.temaitaly.com\/fr\/prodotto\/som-18-6-9-11-raccord-dextremite-filete\/\" class=\"more\">Read more<\/a><\/p>\n","protected":false},"featured_media":290491,"template":"","meta":[],"product_cat":[387],"product_tag":[],"aioseo_notices":[],"_links":{"self":[{"href":"https:\/\/www.temaitaly.com\/fr\/wp-json\/wp\/v2\/product\/53538"}],"collection":[{"href":"https:\/\/www.temaitaly.com\/fr\/wp-json\/wp\/v2\/product"}],"about":[{"href":"https:\/\/www.temaitaly.com\/fr\/wp-json\/wp\/v2\/types\/product"}],"wp:featuredmedia":[{"embeddable":true,"href":"https:\/\/www.temaitaly.com\/fr\/wp-json\/wp\/v2\/media\/290491"}],"wp:attachment":[{"href":"https:\/\/www.temaitaly.com\/fr\/wp-json\/wp\/v2\/media?parent=53538"}],"wp:term":[{"taxonomy":"product_cat","embeddable":true,"href":"https:\/\/www.temaitaly.com\/fr\/wp-json\/wp\/v2\/product_cat?post=53538"},{"taxonomy":"product_tag","embeddable":true,"href":"https:\/\/www.temaitaly.com\/fr\/wp-json\/wp\/v2\/product_tag?post=53538"}],"curies":[{"name":"wp","href":"https:\/\/api.w.org\/{rel}","templated":true}]}}